{"id":9251,"date":"2026-03-09T13:20:36","date_gmt":"2026-03-09T12:20:36","guid":{"rendered":"https:\/\/www.leccolaghivalli.it\/?page_id=9251"},"modified":"2026-03-09T13:31:00","modified_gmt":"2026-03-09T12:31:00","slug":"bcc-banca-della-valsassina-dal-1910","status":"publish","type":"page","link":"https:\/\/www.leccolaghivalli.it\/it\/bcc-banca-della-valsassina-dal-1910\/","title":{"rendered":"BCC &#8211; Banca della Valsassina dal 1910"},"content":{"rendered":"\t\t<div data-elementor-type=\"wp-page\" data-elementor-id=\"9251\" class=\"elementor elementor-9251\" data-elementor-post-type=\"page\">\n\t\t\t\t<div class=\"elementor-element elementor-element-b43dd1b e-flex e-con-boxed e-con e-parent\" data-id=\"b43dd1b\" data-element_type=\"container\" data-e-type=\"container\" data-settings=\"{&quot;background_background&quot;:&quot;slideshow&quot;,&quot;background_slideshow_gallery&quot;:[{&quot;id&quot;:9254,&quot;url&quot;:&quot;https:\\\/\\\/www.leccolaghivalli.it\\\/wp-content\\\/uploads\\\/2026\\\/03\\\/bcc_banca-della-valsassina.jpg&quot;}],&quot;background_slideshow_loop&quot;:&quot;yes&quot;,&quot;background_slideshow_slide_duration&quot;:5000,&quot;background_slideshow_slide_transition&quot;:&quot;fade&quot;,&quot;background_slideshow_transition_duration&quot;:500}\">\n\t\t\t\t\t<div class=\"e-con-inner\">\n\t\t\t\t\t<\/div>\n\t\t\t\t<\/div>\n\t\t<div class=\"elementor-element elementor-element-de6008a e-flex e-con-boxed e-con e-parent\" data-id=\"de6008a\" data-element_type=\"container\" data-e-type=\"container\">\n\t\t\t\t\t<div class=\"e-con-inner\">\n\t\t\t\t<div class=\"elementor-element elementor-element-9931af3 elementor-widget elementor-widget-text-editor\" data-id=\"9931af3\" data-element_type=\"widget\" data-e-type=\"widget\" data-widget_type=\"text-editor.default\">\n\t\t\t\t\t\t\t\t\t<p data-start=\"84\" data-end=\"294\">Nel cuore della Valsassina opera una realt\u00e0 bancaria che da decenni accompagna la crescita economica e sociale della valle e dell\u2019intero territorio lecchese: la <a href=\"https:\/\/www.bancavalsassina.it\/\" target=\"_blank\" rel=\"noopener\"><strong data-start=\"245\" data-end=\"291\">Banca della Valsassina Credito Cooperativo<\/strong>.<\/a><\/p>\t\t\t\t\t\t\t\t<\/div>\n\t\t\t\t<div class=\"elementor-element elementor-element-d13bdb4 elementor-button-info elementor-align-center elementor-widget elementor-widget-button\" data-id=\"d13bdb4\" data-element_type=\"widget\" data-e-type=\"widget\" data-widget_type=\"button.default\">\n\t\t\t\t\t\t\t\t\t\t<a class=\"elementor-button elementor-button-link elementor-size-sm\" href=\"https:\/\/www.bancavalsassina.it\/\" target=\"_blank\" rel=\"noopener\">\n\t\t\t\t\t\t<span class=\"elementor-button-content-wrapper\">\n\t\t\t\t\t\t<span class=\"elementor-button-icon\">\n\t\t\t\t<svg aria-hidden=\"true\" class=\"e-font-icon-svg e-fas-building\" viewBox=\"0 0 448 512\" xmlns=\"http:\/\/www.w3.org\/2000\/svg\"><path d=\"M436 480h-20V24c0-13.255-10.745-24-24-24H56C42.745 0 32 10.745 32 24v456H12c-6.627 0-12 5.373-12 12v20h448v-20c0-6.627-5.373-12-12-12zM128 76c0-6.627 5.373-12 12-12h40c6.627 0 12 5.373 12 12v40c0 6.627-5.373 12-12 12h-40c-6.627 0-12-5.373-12-12V76zm0 96c0-6.627 5.373-12 12-12h40c6.627 0 12 5.373 12 12v40c0 6.627-5.373 12-12 12h-40c-6.627 0-12-5.373-12-12v-40zm52 148h-40c-6.627 0-12-5.373-12-12v-40c0-6.627 5.373-12 12-12h40c6.627 0 12 5.373 12 12v40c0 6.627-5.373 12-12 12zm76 160h-64v-84c0-6.627 5.373-12 12-12h40c6.627 0 12 5.373 12 12v84zm64-172c0 6.627-5.373 12-12 12h-40c-6.627 0-12-5.373-12-12v-40c0-6.627 5.373-12 12-12h40c6.627 0 12 5.373 12 12v40zm0-96c0 6.627-5.373 12-12 12h-40c-6.627 0-12-5.373-12-12v-40c0-6.627 5.373-12 12-12h40c6.627 0 12 5.373 12 12v40zm0-96c0 6.627-5.373 12-12 12h-40c-6.627 0-12-5.373-12-12V76c0-6.627 5.373-12 12-12h40c6.627 0 12 5.373 12 12v40z\"><\/path><\/svg>\t\t\t<\/span>\n\t\t\t\t\t\t\t\t\t<span class=\"elementor-button-text\">ENTRA IN BANCA<\/span>\n\t\t\t\t\t<\/span>\n\t\t\t\t\t<\/a>\n\t\t\t\t\t\t\t\t<\/div>\n\t\t\t\t<div class=\"elementor-element elementor-element-0e2d051 elementor-widget elementor-widget-text-editor\" data-id=\"0e2d051\" data-element_type=\"widget\" data-e-type=\"widget\" data-widget_type=\"text-editor.default\">\n\t\t\t\t\t\t\t\t\t<p data-start=\"296\" data-end=\"675\">Nata con lo spirito delle <strong data-start=\"322\" data-end=\"358\">banche cooperative di territorio<\/strong>, l\u2019istituto rappresenta molto pi\u00f9 di una semplice banca. Nel corso degli anni \u00e8 diventato un vero e proprio punto di riferimento per famiglie, imprese, associazioni e attivit\u00e0 produttive locali, contribuendo allo sviluppo economico della Valsassina e delle aree limitrofe del lago di Como e della provincia di Lecco.<\/p><p data-start=\"677\" data-end=\"1091\">La banca affonda le proprie radici nella tradizione del <strong data-start=\"733\" data-end=\"756\">credito cooperativo<\/strong>, un modello basato sulla mutualit\u00e0, sulla partecipazione dei soci e su un forte legame con il territorio. Questo approccio ha permesso alla Banca della Valsassina di mantenere negli anni una relazione diretta e fiduciaria con la comunit\u00e0 locale, sostenendo iniziative economiche e sociali che contribuiscono alla vitalit\u00e0 della valle.<\/p><p data-start=\"1093\" data-end=\"1392\">Accanto ai tradizionali servizi bancari \u2013 conti correnti, mutui, finanziamenti, risparmio e consulenza \u2013 la banca svolge un ruolo importante anche nel <strong data-start=\"1244\" data-end=\"1328\">sostegno alle piccole e medie imprese, agli artigiani e alle attivit\u00e0 turistiche<\/strong>, settori fondamentali per l\u2019economia del territorio lecchese.<\/p><p data-start=\"1394\" data-end=\"1662\">In una zona caratterizzata da un forte legame tra montagna, lago e tradizioni produttive, la presenza di un istituto bancario radicato localmente rappresenta un elemento strategico per accompagnare investimenti, nuove iniziative imprenditoriali e progetti di sviluppo.<\/p><p data-start=\"1664\" data-end=\"1992\">La Banca della Valsassina partecipa inoltre attivamente alla vita culturale e sociale del territorio, sostenendo eventi, associazioni e iniziative che valorizzano la storia, le tradizioni e il patrimonio della valle. Questo impegno contribuisce a rafforzare il senso di comunit\u00e0 e a promuovere la crescita equilibrata dell\u2019area.<\/p><p data-start=\"1994\" data-end=\"2313\">Oggi la Banca della Valsassina continua a rappresentare <strong data-start=\"2050\" data-end=\"2134\">un punto di riferimento per l\u2019economia locale e per l\u2019intero territorio lecchese<\/strong>, mantenendo saldo il proprio legame con la comunit\u00e0 e confermando il ruolo delle banche di credito cooperativo come protagoniste dello sviluppo sostenibile delle realt\u00e0 locali.<\/p>\t\t\t\t\t\t\t\t<\/div>\n\t\t\t\t\t<\/div>\n\t\t\t\t<\/div>\n\t\t<div class=\"elementor-element elementor-element-e95f9a1 e-flex e-con-boxed e-con e-parent\" data-id=\"e95f9a1\" data-element_type=\"container\" data-e-type=\"container\">\n\t\t\t\t\t<div class=\"e-con-inner\">\n\t\t\t\t<div class=\"elementor-element elementor-element-2c3128a elementor-widget elementor-widget-image\" data-id=\"2c3128a\" data-element_type=\"widget\" data-e-type=\"widget\" data-widget_type=\"image.default\">\n\t\t\t\t\t\t\t\t\t\t\t\t\t\t\t\t<a href=\"https:\/\/www.bancavalsassina.it\/\" target=\"_blank\" rel=\"noopener\">\n\t\t\t\t\t\t\t<img fetchpriority=\"high\" decoding=\"async\" width=\"800\" height=\"189\" src=\"https:\/\/www.leccolaghivalli.it\/wp-content\/uploads\/2026\/03\/banca_valsassina-1-1024x242.jpg\" class=\"attachment-large size-large wp-image-9247\" alt=\"\" srcset=\"https:\/\/www.leccolaghivalli.it\/wp-content\/uploads\/2026\/03\/banca_valsassina-1-1024x242.jpg 1024w, https:\/\/www.leccolaghivalli.it\/wp-content\/uploads\/2026\/03\/banca_valsassina-1-300x71.jpg 300w, https:\/\/www.leccolaghivalli.it\/wp-content\/uploads\/2026\/03\/banca_valsassina-1-768x181.jpg 768w, https:\/\/www.leccolaghivalli.it\/wp-content\/uploads\/2026\/03\/banca_valsassina-1-18x4.jpg 18w, https:\/\/www.leccolaghivalli.it\/wp-content\/uploads\/2026\/03\/banca_valsassina-1-1050x249.jpg 1050w, https:\/\/www.leccolaghivalli.it\/wp-content\/uploads\/2026\/03\/banca_valsassina-1-620x147.jpg 620w, https:\/\/www.leccolaghivalli.it\/wp-content\/uploads\/2026\/03\/banca_valsassina-1-400x95.jpg 400w, https:\/\/www.leccolaghivalli.it\/wp-content\/uploads\/2026\/03\/banca_valsassina-1-1120x265.jpg 1120w, https:\/\/www.leccolaghivalli.it\/wp-content\/uploads\/2026\/03\/banca_valsassina-1.jpg 1127w\" sizes=\"(max-width: 800px) 100vw, 800px\" title=\"\">\t\t\t\t\t\t\t\t<\/a>\n\t\t\t\t\t\t\t\t\t\t\t\t\t\t\t<\/div>\n\t\t\t\t\t<\/div>\n\t\t\t\t<\/div>\n\t\t\t\t<\/div>\n\t\t","protected":false},"excerpt":{"rendered":"<p>Nel cuore della Valsassina opera una realt\u00e0 bancaria che da decenni accompagna la crescita economica e sociale della valle e dell\u2019intero territorio lecchese: la Banca della Valsassina Credito Cooperativo. ENTRA IN BANCA Nata con lo spirito delle banche cooperative di territorio, l\u2019istituto rappresenta molto pi\u00f9 di una semplice banca. Nel corso degli anni \u00e8 diventato [&hellip;]<\/p>\n","protected":false},"author":1,"featured_media":0,"parent":0,"menu_order":0,"comment_status":"closed","ping_status":"closed","template":"","meta":{"_acf_changed":false,"_themeisle_gutenberg_block_has_review":false,"footnotes":""},"class_list":["post-9251","page","type-page","status-publish","hentry"],"acf":[],"_links":{"self":[{"href":"https:\/\/www.leccolaghivalli.it\/it\/wp-json\/wp\/v2\/pages\/9251","targetHints":{"allow":["GET"]}}],"collection":[{"href":"https:\/\/www.leccolaghivalli.it\/it\/wp-json\/wp\/v2\/pages"}],"about":[{"href":"https:\/\/www.leccolaghivalli.it\/it\/wp-json\/wp\/v2\/types\/page"}],"author":[{"embeddable":true,"href":"https:\/\/www.leccolaghivalli.it\/it\/wp-json\/wp\/v2\/users\/1"}],"replies":[{"embeddable":true,"href":"https:\/\/www.leccolaghivalli.it\/it\/wp-json\/wp\/v2\/comments?post=9251"}],"version-history":[{"count":16,"href":"https:\/\/www.leccolaghivalli.it\/it\/wp-json\/wp\/v2\/pages\/9251\/revisions"}],"predecessor-version":[{"id":9269,"href":"https:\/\/www.leccolaghivalli.it\/it\/wp-json\/wp\/v2\/pages\/9251\/revisions\/9269"}],"wp:attachment":[{"href":"https:\/\/www.leccolaghivalli.it\/it\/wp-json\/wp\/v2\/media?parent=9251"}],"curies":[{"name":"wp","href":"https:\/\/api.w.org\/{rel}","templated":true}]}}